{"id":120,"date":"2019-06-24T15:59:39","date_gmt":"2019-06-24T15:59:39","guid":{"rendered":"https:\/\/tobias-bohl.de\/?page_id=120"},"modified":"2020-04-24T09:05:21","modified_gmt":"2020-04-24T09:05:21","slug":"ueber-mich","status":"publish","type":"page","link":"https:\/\/tobias-bohl.de\/?page_id=120","title":{"rendered":"\u00dcber mich"},"content":{"rendered":"<p><span style=\"width: 100%;\"><img loading=\"lazy\" decoding=\"async\" alt=\"Tobias Bohl\" title=\"Tobias-Bohl\" data-id=\"265\" src=\"https:\/\/tobias-bohl.de\/wp-content\/uploads\/2020\/04\/Tobias-Bohl.jpg\" style=\"\" width=\"1000\" height=\"783\"><\/span><\/p>\n<h1>\u00dcber mich<\/h1>\n<p>Tobias Bohl &#8211; Planer und Consultantf\u00fcr AV- und Medientechnik.<\/p>\n<p>Ich bin Ihre Br\u00fccke zwischen Raum und Technologie, dabei verbinde ich Mensch und Technik. Ich f\u00f6rdere den Austausch und die Kommunikation zwischen Menschen. Dabei schaffe ich Erlebnisse, die in Erinnerung bleiben. Seit 10 Jahren bin ich die Schnittstelle von Architektur, Mensch und Medientechnik.<\/p>\n","protected":false},"excerpt":{"rendered":"<p>\u00dcber mich Tobias Bohl &#8211; Planer und Consultantf\u00fcr AV- und Medientechnik. Ich bin Ihre Br\u00fccke zwischen Raum und Technologie, dabei verbinde ich Mensch und Technik. Ich f\u00f6rdere den Austausch und die Kommunikation zwischen Menschen. Dabei schaffe ich Erlebnisse, die in Erinnerung bleiben. Seit 10 Jahren bin ich die Schnittstelle von Architektur, Mensch und Medientechnik.<\/p>\n","protected":false},"author":1,"featured_media":0,"parent":0,"menu_order":0,"comment_status":"closed","ping_status":"closed","template":"","meta":{"footnotes":""},"class_list":["post-120","page","type-page","status-publish","hentry"],"_links":{"self":[{"href":"https:\/\/tobias-bohl.de\/index.php?rest_route=\/wp\/v2\/pages\/120","targetHints":{"allow":["GET"]}}],"collection":[{"href":"https:\/\/tobias-bohl.de\/index.php?rest_route=\/wp\/v2\/pages"}],"about":[{"href":"https:\/\/tobias-bohl.de\/index.php?rest_route=\/wp\/v2\/types\/page"}],"author":[{"embeddable":true,"href":"https:\/\/tobias-bohl.de\/index.php?rest_route=\/wp\/v2\/users\/1"}],"replies":[{"embeddable":true,"href":"https:\/\/tobias-bohl.de\/index.php?rest_route=%2Fwp%2Fv2%2Fcomments&post=120"}],"version-history":[{"count":26,"href":"https:\/\/tobias-bohl.de\/index.php?rest_route=\/wp\/v2\/pages\/120\/revisions"}],"predecessor-version":[{"id":267,"href":"https:\/\/tobias-bohl.de\/index.php?rest_route=\/wp\/v2\/pages\/120\/revisions\/267"}],"wp:attachment":[{"href":"https:\/\/tobias-bohl.de\/index.php?rest_route=%2Fwp%2Fv2%2Fmedia&parent=120"}],"curies":[{"name":"wp","href":"https:\/\/api.w.org\/{rel}","templated":true}]}}